{"id":378,"date":"2024-10-01T18:55:41","date_gmt":"2024-10-01T18:55:41","guid":{"rendered":"https:\/\/mdbcukdev.wpenginepowered.com\/?page_id=378"},"modified":"2026-03-24T16:13:33","modified_gmt":"2026-03-24T20:13:33","slug":"contactez-nous","status":"publish","type":"page","link":"https:\/\/mdbriefcase.co.uk\/fr\/contact-us\/","title":{"rendered":"Contactez-nous"},"content":{"rendered":"<div data-elementor-type=\"wp-page\" data-elementor-id=\"378\" class=\"elementor elementor-378\" data-elementor-post-type=\"page\">\n\t\t\t\t<div class=\"elementor-element elementor-element-5f49c66 e-flex e-con-boxed e-con e-parent\" data-id=\"5f49c66\" data-element_type=\"container\" data-e-type=\"container\">\n\t\t\t\t\t<div class=\"e-con-inner\">\n\t\t<div class=\"elementor-element elementor-element-10d2d97 e-con-full e-flex e-con e-child\" data-id=\"10d2d97\" data-element_type=\"container\" data-e-type=\"container\">\n\t\t\t\t<div class=\"elementor-element elementor-element-d54a6f3 elementor-widget elementor-widget-heading\" data-id=\"d54a6f3\" data-element_type=\"widget\" data-e-type=\"widget\" data-widget_type=\"heading.default\">\n\t\t\t\t<div class=\"elementor-widget-container\">\n\t\t\t\t\t<h1 class=\"elementor-heading-title elementor-size-default\">Contact us<\/h1>\t\t\t\t<\/div>\n\t\t\t\t<\/div>\n\t\t\t\t<div class=\"elementor-element elementor-element-ddff6a3 elementor-widget elementor-widget-heading\" data-id=\"ddff6a3\" data-element_type=\"widget\" data-e-type=\"widget\" data-widget_type=\"heading.default\">\n\t\t\t\t<div class=\"elementor-widget-container\">\n\t\t\t\t\t<h2 class=\"elementor-heading-title elementor-size-default\">Nous sommes l\u00e0 pour vous aider.<\/h2>\t\t\t\t<\/div>\n\t\t\t\t<\/div>\n\t\t\t\t<\/div>\n\t\t<div class=\"elementor-element elementor-element-e5dabdb e-con-full e-grid elementor-hidden-mobile e-con e-child\" data-id=\"e5dabdb\" data-element_type=\"container\" data-e-type=\"container\" data-settings=\"{&quot;background_background&quot;:&quot;gradient&quot;}\">\n\t\t\t\t<div class=\"elementor-element elementor-element-305cdcb elementor-widget elementor-widget-image\" data-id=\"305cdcb\" data-element_type=\"widget\" data-e-type=\"widget\" data-widget_type=\"image.default\">\n\t\t\t\t<div class=\"elementor-widget-container\">\n\t\t\t\t\t\t\t\t\t\t\t\t\t\t\t<img loading=\"lazy\" decoding=\"async\" width=\"800\" height=\"800\" src=\"https:\/\/mdbriefcase.co.uk\/wp-content\/uploads\/2025\/10\/AdobeStock_576128941-e1760448303771-1024x1024.jpeg\" class=\"attachment-large size-large wp-image-544436\" alt=\"\" srcset=\"https:\/\/mdbriefcase.co.uk\/wp-content\/uploads\/2025\/10\/AdobeStock_576128941-e1760448303771-1024x1024.jpeg 1024w, https:\/\/mdbriefcase.co.uk\/wp-content\/uploads\/2025\/10\/AdobeStock_576128941-e1760448303771-300x300.jpeg 300w, https:\/\/mdbriefcase.co.uk\/wp-content\/uploads\/2025\/10\/AdobeStock_576128941-e1760448303771-150x150.jpeg 150w, https:\/\/mdbriefcase.co.uk\/wp-content\/uploads\/2025\/10\/AdobeStock_576128941-e1760448303771-768x768.jpeg 768w, https:\/\/mdbriefcase.co.uk\/wp-content\/uploads\/2025\/10\/AdobeStock_576128941-e1760448303771-12x12.jpeg 12w, https:\/\/mdbriefcase.co.uk\/wp-content\/uploads\/2025\/10\/AdobeStock_576128941-e1760448303771-700x700.jpeg 700w, https:\/\/mdbriefcase.co.uk\/wp-content\/uploads\/2025\/10\/AdobeStock_576128941-e1760448303771-600x600.jpeg 600w, https:\/\/mdbriefcase.co.uk\/wp-content\/uploads\/2025\/10\/AdobeStock_576128941-e1760448303771-100x100.jpeg 100w, https:\/\/mdbriefcase.co.uk\/wp-content\/uploads\/2025\/10\/AdobeStock_576128941-e1760448303771-1536x1536.jpeg 1536w, https:\/\/mdbriefcase.co.uk\/wp-content\/uploads\/2025\/10\/AdobeStock_576128941-e1760448303771-2048x2048.jpeg 2048w\" sizes=\"auto, (max-width: 800px) 100vw, 800px\" \/>\t\t\t\t\t\t\t\t\t\t\t\t\t\t\t<\/div>\n\t\t\t\t<\/div>\n\t\t\t\t<div class=\"elementor-element elementor-element-51cb2f0 elementor-widget elementor-widget-image\" data-id=\"51cb2f0\" data-element_type=\"widget\" data-e-type=\"widget\" data-widget_type=\"image.default\">\n\t\t\t\t<div class=\"elementor-widget-container\">\n\t\t\t\t\t\t\t\t\t\t\t\t\t\t\t<img loading=\"lazy\" decoding=\"async\" width=\"800\" height=\"450\" src=\"https:\/\/mdbriefcase.co.uk\/wp-content\/uploads\/2025\/09\/Depression-MDD_2454115651_1080-8-1024x576.jpg\" class=\"attachment-large size-large wp-image-544301\" alt=\"\" srcset=\"https:\/\/mdbriefcase.co.uk\/wp-content\/uploads\/2025\/09\/Depression-MDD_2454115651_1080-8-1024x576.jpg 1024w, https:\/\/mdbriefcase.co.uk\/wp-content\/uploads\/2025\/09\/Depression-MDD_2454115651_1080-8-300x169.jpg 300w, https:\/\/mdbriefcase.co.uk\/wp-content\/uploads\/2025\/09\/Depression-MDD_2454115651_1080-8-768x432.jpg 768w, https:\/\/mdbriefcase.co.uk\/wp-content\/uploads\/2025\/09\/Depression-MDD_2454115651_1080-8-1536x864.jpg 1536w, https:\/\/mdbriefcase.co.uk\/wp-content\/uploads\/2025\/09\/Depression-MDD_2454115651_1080-8-18x10.jpg 18w, https:\/\/mdbriefcase.co.uk\/wp-content\/uploads\/2025\/09\/Depression-MDD_2454115651_1080-8-600x338.jpg 600w, https:\/\/mdbriefcase.co.uk\/wp-content\/uploads\/2025\/09\/Depression-MDD_2454115651_1080-8.jpg 1920w\" sizes=\"auto, (max-width: 800px) 100vw, 800px\" \/>\t\t\t\t\t\t\t\t\t\t\t\t\t\t\t<\/div>\n\t\t\t\t<\/div>\n\t\t\t\t<div class=\"elementor-element elementor-element-c203fd4 elementor-widget elementor-widget-image\" data-id=\"c203fd4\" data-element_type=\"widget\" data-e-type=\"widget\" data-widget_type=\"image.default\">\n\t\t\t\t<div class=\"elementor-widget-container\">\n\t\t\t\t\t\t\t\t\t\t\t\t\t\t\t<img loading=\"lazy\" decoding=\"async\" width=\"800\" height=\"450\" src=\"https:\/\/mdbriefcase.co.uk\/wp-content\/uploads\/2025\/09\/shutterstock_98508338_PCOS-3-1024x576.jpg\" class=\"attachment-large size-large wp-image-544423\" alt=\"\" srcset=\"https:\/\/mdbriefcase.co.uk\/wp-content\/uploads\/2025\/09\/shutterstock_98508338_PCOS-3-1024x576.jpg 1024w, https:\/\/mdbriefcase.co.uk\/wp-content\/uploads\/2025\/09\/shutterstock_98508338_PCOS-3-300x169.jpg 300w, https:\/\/mdbriefcase.co.uk\/wp-content\/uploads\/2025\/09\/shutterstock_98508338_PCOS-3-768x432.jpg 768w, https:\/\/mdbriefcase.co.uk\/wp-content\/uploads\/2025\/09\/shutterstock_98508338_PCOS-3-1536x864.jpg 1536w, https:\/\/mdbriefcase.co.uk\/wp-content\/uploads\/2025\/09\/shutterstock_98508338_PCOS-3-18x10.jpg 18w, https:\/\/mdbriefcase.co.uk\/wp-content\/uploads\/2025\/09\/shutterstock_98508338_PCOS-3-600x338.jpg 600w, https:\/\/mdbriefcase.co.uk\/wp-content\/uploads\/2025\/09\/shutterstock_98508338_PCOS-3.jpg 1920w\" sizes=\"auto, (max-width: 800px) 100vw, 800px\" \/>\t\t\t\t\t\t\t\t\t\t\t\t\t\t\t<\/div>\n\t\t\t\t<\/div>\n\t\t\t\t<\/div>\n\t\t\t\t\t<\/div>\n\t\t\t\t<\/div>\n\t\t<div class=\"elementor-element elementor-element-c355265 e-flex e-con-boxed e-con e-parent\" data-id=\"c355265\" data-element_type=\"container\" data-e-type=\"container\">\n\t\t\t\t\t<div class=\"e-con-inner\">\n\t\t<div class=\"elementor-element elementor-element-963a45a e-con-full e-flex e-con e-child\" data-id=\"963a45a\" data-element_type=\"container\" data-e-type=\"container\" data-settings=\"{&quot;background_background&quot;:&quot;classic&quot;}\">\n\t\t<div class=\"elementor-element elementor-element-3cfc4fe e-con-full e-flex e-con e-child\" data-id=\"3cfc4fe\" data-element_type=\"container\" data-e-type=\"container\">\n\t\t\t\t<div class=\"elementor-element elementor-element-26526bf elementor-widget elementor-widget-heading\" data-id=\"26526bf\" data-element_type=\"widget\" data-e-type=\"widget\" data-widget_type=\"heading.default\">\n\t\t\t\t<div class=\"elementor-widget-container\">\n\t\t\t\t\t<h3 class=\"elementor-heading-title elementor-size-default\">Speak with our team<\/h3>\t\t\t\t<\/div>\n\t\t\t\t<\/div>\n\t\t\t\t<div class=\"elementor-element elementor-element-edba07f elementor-widget elementor-widget-text-editor\" data-id=\"edba07f\" data-element_type=\"widget\" data-e-type=\"widget\" data-widget_type=\"text-editor.default\">\n\t\t\t\t<div class=\"elementor-widget-container\">\n\t\t\t\t\t\t\t\t\t<p>Can\u2019t find the answer to your question? Contact us for additional support or for general <span style=\"font-weight: 400;\">enquiries<\/span>.<\/p>\t\t\t\t\t\t\t\t<\/div>\n\t\t\t\t<\/div>\n\t\t\t\t<div class=\"elementor-element elementor-element-6055db0 elementor-widget-divider--view-line elementor-widget elementor-widget-divider\" data-id=\"6055db0\" data-element_type=\"widget\" data-e-type=\"widget\" data-widget_type=\"divider.default\">\n\t\t\t\t<div class=\"elementor-widget-container\">\n\t\t\t\t\t\t\t<div class=\"elementor-divider\">\n\t\t\t<span class=\"elementor-divider-separator\">\n\t\t\t\t\t\t<\/span>\n\t\t<\/div>\n\t\t\t\t\t\t<\/div>\n\t\t\t\t<\/div>\n\t\t\t\t<div class=\"elementor-element elementor-element-d3a2ee5 elementor-widget elementor-widget-heading\" data-id=\"d3a2ee5\" data-element_type=\"widget\" data-e-type=\"widget\" data-widget_type=\"heading.default\">\n\t\t\t\t<div class=\"elementor-widget-container\">\n\t\t\t\t\t<h3 class=\"elementor-heading-title elementor-size-default\">Have a question?<\/h3>\t\t\t\t<\/div>\n\t\t\t\t<\/div>\n\t\t\t\t<div class=\"elementor-element elementor-element-ee63d40 elementor-widget elementor-widget-text-editor\" data-id=\"ee63d40\" data-element_type=\"widget\" data-e-type=\"widget\" data-widget_type=\"text-editor.default\">\n\t\t\t\t<div class=\"elementor-widget-container\">\n\t\t\t\t\t\t\t\t\t<p>S&#039;il vous pla\u00eet visitez notre <a href=\"https:\/\/mdbriefcase.co.uk\/fr\/faq\/\"><span style=\"text-decoration: underline;\">FAQ et support technique<\/span><\/a> pour obtenir des r\u00e9ponses rapides aux questions fr\u00e9quemment pos\u00e9es.<\/p>\t\t\t\t\t\t\t\t<\/div>\n\t\t\t\t<\/div>\n\t\t\t\t<div class=\"elementor-element elementor-element-6d525f4 elementor-widget-divider--view-line elementor-widget elementor-widget-divider\" data-id=\"6d525f4\" data-element_type=\"widget\" data-e-type=\"widget\" data-widget_type=\"divider.default\">\n\t\t\t\t<div class=\"elementor-widget-container\">\n\t\t\t\t\t\t\t<div class=\"elementor-divider\">\n\t\t\t<span class=\"elementor-divider-separator\">\n\t\t\t\t\t\t<\/span>\n\t\t<\/div>\n\t\t\t\t\t\t<\/div>\n\t\t\t\t<\/div>\n\t\t\t\t<div class=\"elementor-element elementor-element-583f36d elementor-widget elementor-widget-heading\" data-id=\"583f36d\" data-element_type=\"widget\" data-e-type=\"widget\" data-widget_type=\"heading.default\">\n\t\t\t\t<div class=\"elementor-widget-container\">\n\t\t\t\t\t<h3 class=\"elementor-heading-title elementor-size-default\">Connect with us<\/h3>\t\t\t\t<\/div>\n\t\t\t\t<\/div>\n\t\t\t\t<div class=\"elementor-element elementor-element-fd0c958 e-grid-align-left elementor-shape-rounded elementor-grid-0 elementor-widget elementor-widget-social-icons\" data-id=\"fd0c958\" data-element_type=\"widget\" data-e-type=\"widget\" data-widget_type=\"social-icons.default\">\n\t\t\t\t<div class=\"elementor-widget-container\">\n\t\t\t\t\t\t\t<div class=\"elementor-social-icons-wrapper elementor-grid\" role=\"list\">\n\t\t\t\t\t\t\t<span class=\"elementor-grid-item\" role=\"listitem\">\n\t\t\t\t\t<a class=\"elementor-icon elementor-social-icon elementor-social-icon-facebook-f elementor-repeater-item-a96eced\" href=\"https:\/\/www.facebook.com\/mdbriefcase\/\" target=\"_blank\">\n\t\t\t\t\t\t<span class=\"elementor-screen-only\">Facebook-f<\/span>\n\t\t\t\t\t\t<svg aria-hidden=\"true\" class=\"e-font-icon-svg e-fab-facebook-f\" viewbox=\"0 0 320 512\" xmlns=\"http:\/\/www.w3.org\/2000\/svg\"><path d=\"M279.14 288l14.22-92.66h-88.91v-60.13c0-25.35 12.42-50.06 52.24-50.06h40.42V6.26S260.43 0 225.36 0c-73.22 0-121.08 44.38-121.08 124.72v70.62H22.89V288h81.39v224h100.17V288z\"><\/path><\/svg>\t\t\t\t\t<\/a>\n\t\t\t\t<\/span>\n\t\t\t\t\t\t\t<span class=\"elementor-grid-item\" role=\"listitem\">\n\t\t\t\t\t<a class=\"elementor-icon elementor-social-icon elementor-social-icon-linkedin-in elementor-repeater-item-a600fd3\" href=\"https:\/\/www.linkedin.com\/company\/mdbriefcase\/\" target=\"_blank\">\n\t\t\t\t\t\t<span class=\"elementor-screen-only\">Linkedin-in<\/span>\n\t\t\t\t\t\t<svg aria-hidden=\"true\" class=\"e-font-icon-svg e-fab-linkedin-in\" viewbox=\"0 0 448 512\" xmlns=\"http:\/\/www.w3.org\/2000\/svg\"><path d=\"M100.28 448H7.4V148.9h92.88zM53.79 108.1C24.09 108.1 0 83.5 0 53.8a53.79 53.79 0 0 1 107.58 0c0 29.7-24.1 54.3-53.79 54.3zM447.9 448h-92.68V302.4c0-34.7-.7-79.2-48.29-79.2-48.29 0-55.69 37.7-55.69 76.7V448h-92.78V148.9h89.08v40.8h1.3c12.4-23.5 42.69-48.3 87.88-48.3 94 0 111.28 61.9 111.28 142.3V448z\"><\/path><\/svg>\t\t\t\t\t<\/a>\n\t\t\t\t<\/span>\n\t\t\t\t\t\t\t<span class=\"elementor-grid-item\" role=\"listitem\">\n\t\t\t\t\t<a class=\"elementor-icon elementor-social-icon elementor-social-icon-x-twitter elementor-repeater-item-57db45f\" href=\"https:\/\/twitter.com\/mdbriefcase\" target=\"_blank\">\n\t\t\t\t\t\t<span class=\"elementor-screen-only\">Twitter X<\/span>\n\t\t\t\t\t\t<svg aria-hidden=\"true\" class=\"e-font-icon-svg e-fab-x-twitter\" viewbox=\"0 0 512 512\" xmlns=\"http:\/\/www.w3.org\/2000\/svg\"><path d=\"M389.2 48h70.6L305.6 224.2 487 464H345L233.7 318.6 106.5 464H35.8L200.7 275.5 26.8 48H172.4L272.9 180.9 389.2 48zM364.4 421.8h39.1L151.1 88h-42L364.4 421.8z\"><\/path><\/svg>\t\t\t\t\t<\/a>\n\t\t\t\t<\/span>\n\t\t\t\t\t<\/div>\n\t\t\t\t\t\t<\/div>\n\t\t\t\t<\/div>\n\t\t\t\t<\/div>\n\t\t<div class=\"elementor-element elementor-element-1a4e495 e-con-full e-flex e-con e-child\" data-id=\"1a4e495\" data-element_type=\"container\" data-e-type=\"container\">\n\t\t\t\t<div class=\"elementor-element elementor-element-c1671c4 elementor-widget elementor-widget-shortcode\" data-id=\"c1671c4\" data-element_type=\"widget\" data-e-type=\"widget\" data-widget_type=\"shortcode.default\">\n\t\t\t\t<div class=\"elementor-widget-container\">\n\t\t\t\t\t\t\t<div class=\"elementor-shortcode\"><\/div>\n\t\t\t\t\t\t<\/div>\n\t\t\t\t<\/div>\n\t\t\t\t<div class=\"elementor-element elementor-element-2f54484 elementor-widget elementor-widget-ws-form\" data-id=\"2f54484\" data-element_type=\"widget\" data-e-type=\"widget\" data-widget_type=\"ws-form.default\">\n\t\t\t\t<div class=\"elementor-widget-container\">\n\t\t\t\t\t<style>.elementor-element-2f54484{display:none !important}<\/style>\t\t\t\t<\/div>\n\t\t\t\t<\/div>\n\t\t\t\t<\/div>\n\t\t\t\t<\/div>\n\t\t\t\t\t<\/div>\n\t\t\t\t<\/div>\n\t\t\t\t<\/div>","protected":false},"excerpt":{"rendered":"<p>Contact us We\u2019re here to help you. Speak with our team Can\u2019t find the answer to your question? Contact us for additional support or for general enquiries. Have a question? Please visit our FAQ &amp; Technical Support to get quick answers to commonly asked questions. Connect with us Facebook-f Linkedin-in X-twitter<\/p>","protected":false},"author":25,"featured_media":544542,"parent":0,"menu_order":0,"comment_status":"closed","ping_status":"closed","template":"elementor_header_footer","meta":{"_acf_changed":false,"inline_featured_image":false,"productId":0,"courseId":0,"footnotes":""},"class_list":["post-378","page","type-page","status-publish","has-post-thumbnail","hentry"],"acf":[],"yoast_head":"<!-- This site is optimized with the Yoast SEO plugin v25.3.1 - https:\/\/yoast.com\/wordpress\/plugins\/seo\/ -->\n<title>Contact Us - MDBriefCase<\/title>\n<meta name=\"description\" content=\"Looking to get in touch with MDBriefCase? Our team is here to help. Contact us today!\" \/>\n<meta name=\"robots\" content=\"noindex, follow, max-snippet:-1, max-image-preview:large, max-video-preview:-1\" \/>\n<meta property=\"og:locale\" content=\"fr_CA\" \/>\n<meta property=\"og:type\" content=\"article\" \/>\n<meta property=\"og:title\" content=\"Contact Us - MDBriefCase\" \/>\n<meta property=\"og:description\" content=\"Looking to get in touch with MDBriefCase? Our team is here to help. Contact us today!\" \/>\n<meta property=\"og:url\" content=\"https:\/\/mdbriefcase.co.uk\/fr\/contactez-nous\/\" \/>\n<meta property=\"og:site_name\" content=\"MDBriefCase\" \/>\n<meta property=\"article:modified_time\" content=\"2026-03-24T20:13:33+00:00\" \/>\n<meta property=\"og:image\" content=\"https:\/\/mdbriefcase.co.uk\/wp-content\/uploads\/2025\/11\/meta-image-07.jpg\" \/>\n\t<meta property=\"og:image:width\" content=\"1024\" \/>\n\t<meta property=\"og:image:height\" content=\"576\" \/>\n\t<meta property=\"og:image:type\" content=\"image\/jpeg\" \/>\n<meta name=\"twitter:card\" content=\"summary_large_image\" \/>\n<meta name=\"twitter:label1\" content=\"Est. reading time\" \/>\n\t<meta name=\"twitter:data1\" content=\"2 minutes\" \/>\n<script type=\"application\/ld+json\" class=\"yoast-schema-graph\">{\"@context\":\"https:\/\/schema.org\",\"@graph\":[{\"@type\":\"WebPage\",\"@id\":\"https:\/\/mdbriefcase.co.uk\/contact-us\/\",\"url\":\"https:\/\/mdbriefcase.co.uk\/contact-us\/\",\"name\":\"Contact Us - MDBriefCase\",\"isPartOf\":{\"@id\":\"https:\/\/mdbriefcase.co.uk\/#website\"},\"primaryImageOfPage\":{\"@id\":\"https:\/\/mdbriefcase.co.uk\/contact-us\/#primaryimage\"},\"image\":{\"@id\":\"https:\/\/mdbriefcase.co.uk\/contact-us\/#primaryimage\"},\"thumbnailUrl\":\"https:\/\/mdbriefcase.co.uk\/wp-content\/uploads\/2025\/11\/meta-image-07.jpg\",\"datePublished\":\"2024-10-01T18:55:41+00:00\",\"dateModified\":\"2026-03-24T20:13:33+00:00\",\"description\":\"Looking to get in touch with MDBriefCase? Our team is here to help. Contact us today!\",\"breadcrumb\":{\"@id\":\"https:\/\/mdbriefcase.co.uk\/contact-us\/#breadcrumb\"},\"inLanguage\":\"fr-CA\",\"potentialAction\":[{\"@type\":\"ReadAction\",\"target\":[\"https:\/\/mdbriefcase.co.uk\/contact-us\/\"]}]},{\"@type\":\"ImageObject\",\"inLanguage\":\"fr-CA\",\"@id\":\"https:\/\/mdbriefcase.co.uk\/contact-us\/#primaryimage\",\"url\":\"https:\/\/mdbriefcase.co.uk\/wp-content\/uploads\/2025\/11\/meta-image-07.jpg\",\"contentUrl\":\"https:\/\/mdbriefcase.co.uk\/wp-content\/uploads\/2025\/11\/meta-image-07.jpg\",\"width\":1024,\"height\":576},{\"@type\":\"BreadcrumbList\",\"@id\":\"https:\/\/mdbriefcase.co.uk\/contact-us\/#breadcrumb\",\"itemListElement\":[{\"@type\":\"ListItem\",\"position\":1,\"name\":\"Home\",\"item\":\"https:\/\/mdbriefcase.co.uk\/\"},{\"@type\":\"ListItem\",\"position\":2,\"name\":\"Contact Us\"}]},{\"@type\":\"WebSite\",\"@id\":\"https:\/\/mdbriefcase.co.uk\/#website\",\"url\":\"https:\/\/mdbriefcase.co.uk\/\",\"name\":\"MDBriefCase\",\"description\":\"Exclusively for BMA Members\",\"publisher\":{\"@id\":\"https:\/\/mdbriefcase.co.uk\/#organization\"},\"potentialAction\":[{\"@type\":\"SearchAction\",\"target\":{\"@type\":\"EntryPoint\",\"urlTemplate\":\"https:\/\/mdbriefcase.co.uk\/?s={search_term_string}\"},\"query-input\":{\"@type\":\"PropertyValueSpecification\",\"valueRequired\":true,\"valueName\":\"search_term_string\"}}],\"inLanguage\":\"fr-CA\"},{\"@type\":\"Organization\",\"@id\":\"https:\/\/mdbriefcase.co.uk\/#organization\",\"name\":\"MDBriefCase\",\"url\":\"https:\/\/mdbriefcase.co.uk\/\",\"logo\":{\"@type\":\"ImageObject\",\"inLanguage\":\"fr-CA\",\"@id\":\"https:\/\/mdbriefcase.co.uk\/#\/schema\/logo\/image\/\",\"url\":\"https:\/\/mdbriefcase.co.uk\/wp-content\/uploads\/2024\/07\/logo.webp\",\"contentUrl\":\"https:\/\/mdbriefcase.co.uk\/wp-content\/uploads\/2024\/07\/logo.webp\",\"width\":190,\"height\":36,\"caption\":\"MDBriefCase\"},\"image\":{\"@id\":\"https:\/\/mdbriefcase.co.uk\/#\/schema\/logo\/image\/\"}}]}<\/script>\n<!-- \/ Yoast SEO plugin. -->","yoast_head_json":{"title":"Contact Us - MDBriefCase","description":"Looking to get in touch with MDBriefCase? Our team is here to help. Contact us today!","robots":{"index":"noindex","follow":"follow","max-snippet":"max-snippet:-1","max-image-preview":"max-image-preview:large","max-video-preview":"max-video-preview:-1"},"og_locale":"fr_CA","og_type":"article","og_title":"Contact Us - MDBriefCase","og_description":"Looking to get in touch with MDBriefCase? Our team is here to help. Contact us today!","og_url":"https:\/\/mdbriefcase.co.uk\/fr\/contactez-nous\/","og_site_name":"MDBriefCase","article_modified_time":"2026-03-24T20:13:33+00:00","og_image":[{"width":1024,"height":576,"url":"https:\/\/mdbriefcase.co.uk\/wp-content\/uploads\/2025\/11\/meta-image-07.jpg","type":"image\/jpeg"}],"twitter_card":"summary_large_image","twitter_misc":{"Est. reading time":"2 minutes"},"schema":{"@context":"https:\/\/schema.org","@graph":[{"@type":"WebPage","@id":"https:\/\/mdbriefcase.co.uk\/contact-us\/","url":"https:\/\/mdbriefcase.co.uk\/contact-us\/","name":"Contact Us - MDBriefCase","isPartOf":{"@id":"https:\/\/mdbriefcase.co.uk\/#website"},"primaryImageOfPage":{"@id":"https:\/\/mdbriefcase.co.uk\/contact-us\/#primaryimage"},"image":{"@id":"https:\/\/mdbriefcase.co.uk\/contact-us\/#primaryimage"},"thumbnailUrl":"https:\/\/mdbriefcase.co.uk\/wp-content\/uploads\/2025\/11\/meta-image-07.jpg","datePublished":"2024-10-01T18:55:41+00:00","dateModified":"2026-03-24T20:13:33+00:00","description":"Looking to get in touch with MDBriefCase? Our team is here to help. Contact us today!","breadcrumb":{"@id":"https:\/\/mdbriefcase.co.uk\/contact-us\/#breadcrumb"},"inLanguage":"fr-CA","potentialAction":[{"@type":"ReadAction","target":["https:\/\/mdbriefcase.co.uk\/contact-us\/"]}]},{"@type":"ImageObject","inLanguage":"fr-CA","@id":"https:\/\/mdbriefcase.co.uk\/contact-us\/#primaryimage","url":"https:\/\/mdbriefcase.co.uk\/wp-content\/uploads\/2025\/11\/meta-image-07.jpg","contentUrl":"https:\/\/mdbriefcase.co.uk\/wp-content\/uploads\/2025\/11\/meta-image-07.jpg","width":1024,"height":576},{"@type":"BreadcrumbList","@id":"https:\/\/mdbriefcase.co.uk\/contact-us\/#breadcrumb","itemListElement":[{"@type":"ListItem","position":1,"name":"Home","item":"https:\/\/mdbriefcase.co.uk\/"},{"@type":"ListItem","position":2,"name":"Contact Us"}]},{"@type":"WebSite","@id":"https:\/\/mdbriefcase.co.uk\/#website","url":"https:\/\/mdbriefcase.co.uk\/","name":"MDBriefCase","description":"Exclusively for BMA Members","publisher":{"@id":"https:\/\/mdbriefcase.co.uk\/#organization"},"potentialAction":[{"@type":"SearchAction","target":{"@type":"EntryPoint","urlTemplate":"https:\/\/mdbriefcase.co.uk\/?s={search_term_string}"},"query-input":{"@type":"PropertyValueSpecification","valueRequired":true,"valueName":"search_term_string"}}],"inLanguage":"fr-CA"},{"@type":"Organization","@id":"https:\/\/mdbriefcase.co.uk\/#organization","name":"MDBriefCase","url":"https:\/\/mdbriefcase.co.uk\/","logo":{"@type":"ImageObject","inLanguage":"fr-CA","@id":"https:\/\/mdbriefcase.co.uk\/#\/schema\/logo\/image\/","url":"https:\/\/mdbriefcase.co.uk\/wp-content\/uploads\/2024\/07\/logo.webp","contentUrl":"https:\/\/mdbriefcase.co.uk\/wp-content\/uploads\/2024\/07\/logo.webp","width":190,"height":36,"caption":"MDBriefCase"},"image":{"@id":"https:\/\/mdbriefcase.co.uk\/#\/schema\/logo\/image\/"}}]}},"_links":{"self":[{"href":"https:\/\/mdbriefcase.co.uk\/fr\/wp-json\/wp\/v2\/pages\/378","targetHints":{"allow":["GET"]}}],"collection":[{"href":"https:\/\/mdbriefcase.co.uk\/fr\/wp-json\/wp\/v2\/pages"}],"about":[{"href":"https:\/\/mdbriefcase.co.uk\/fr\/wp-json\/wp\/v2\/types\/page"}],"author":[{"embeddable":true,"href":"https:\/\/mdbriefcase.co.uk\/fr\/wp-json\/wp\/v2\/users\/25"}],"replies":[{"embeddable":true,"href":"https:\/\/mdbriefcase.co.uk\/fr\/wp-json\/wp\/v2\/comments?post=378"}],"version-history":[{"count":0,"href":"https:\/\/mdbriefcase.co.uk\/fr\/wp-json\/wp\/v2\/pages\/378\/revisions"}],"wp:featuredmedia":[{"embeddable":true,"href":"https:\/\/mdbriefcase.co.uk\/fr\/wp-json\/wp\/v2\/media\/544542"}],"wp:attachment":[{"href":"https:\/\/mdbriefcase.co.uk\/fr\/wp-json\/wp\/v2\/media?parent=378"}],"curies":[{"name":"wp","href":"https:\/\/api.w.org\/{rel}","templated":true}]}}